{"id":795,"date":"2022-11-09T18:44:22","date_gmt":"2022-11-09T22:44:22","guid":{"rendered":"https:\/\/lyndarodriguez.com\/?post_type=product&#038;p=795"},"modified":"2022-11-17T12:35:19","modified_gmt":"2022-11-17T16:35:19","slug":"agenda-lynda-rodriguez-collection","status":"publish","type":"product","link":"https:\/\/lyndarodriguez.com\/en\/product\/agenda-lynda-rodriguez-collection\/","title":{"rendered":"Agenda Lynda Rodr\u00edguez Collection"},"content":{"rendered":"","protected":false},"excerpt":{"rendered":"<p>\u00a1El mejor regalo que te puedes hacer a ti, a tus hijas o a tus mejores amigas!\u00a0Una agenda para ser m\u00e1s productiva, mientras cuidas de ti misma con tips y art\u00edculos pr\u00e1cticos de Etiqueta y Protocolo Laboral.<\/p>\n<p>&#8211; La agenda viene en una preciosa caja que puedes usar para guardar documentos, accesorios o, simplemente, como decoraci\u00f3n en tu hogar u oficina.<br \/>\n&#8211; Esta agenda NO CADUCA. La agenda viene sin d\u00edas ni fechas establecidas para que t\u00fa misma puedas escribir el d\u00eda y mes que corresponde. Por lo tanto, tu agenda la podr\u00e1s usar hasta que la llenes por completo! Y los art\u00edculos y tips son conceptos de Etiqueta y Protocolo Profesional que puedes usar como referencia, siempre.<br \/>\n&#8211; Tama\u00f1o 7 x 9.25\u00bb para que puedas escribir c\u00f3modamente.<br \/>\n&#8211; 188 p\u00e1ginas de calidad, 130 grms.<br \/>\n&#8211; Marcador de libros: Invierte en ti.<br \/>\n&#8211; Todas las p\u00e1ginas son full color.<br \/>\n&#8211; Tips de Etiqueta y Protocolo Laboral cada semana.<\/p>\n<p>Adem\u00e1s, 12 art\u00edculos con cientos de tips de Etiqueta y Protocolo Profesional como:<br \/>\n&#8211; 7 H\u00e1bitos diarios que te ayudar\u00e1n a ser m\u00e1s productiva y cuidar de ti misma<br \/>\n&#8211; Etiqueta para redactar correos electr\u00f3nicos profesionales<br \/>\n&#8211; Comportamientos y atributos que te hacen ver m\u00e1s profesional<br \/>\n&#8211; Etiqueta para reuniones de trabajo presenciales y virtuales<br \/>\n&#8211; Etiqueta de vestimenta para la oficina<br \/>\n&#8211; Tips para aprovechar el tiempo en el trabajo<br \/>\n&#8211; Etiqueta para reuniones de negocios en un restaurante<br \/>\n&#8211; Tips para hacer una presentaci\u00f3n o hablar en p\u00fablico<br \/>\n&#8211; Tips de finanzas personales (para que puedas administrarte mejor), y m\u00e1s.<\/p>\n<p><strong>Agenda s\u00f3lo disponible para recoger en Rep\u00fablica Dominicana, en Aro y Pedal de la Ave.27 de febrero #112, casi esquina Leopoldo Navarro. Don Bosco, Santo Domingo, DN.<\/strong><\/p>\n<p>*Los bol\u00edgrafos, stickers y elementos decorativos en las fotos no est\u00e1n incluidos.<\/p>","protected":false},"featured_media":750,"template":"","meta":[],"product_brand":[],"product_cat":[22],"product_tag":[],"class_list":{"0":"post-795","1":"product","2":"type-product","3":"status-publish","4":"has-post-thumbnail","6":"product_cat-agenda","8":"first","9":"instock","10":"shipping-taxable","11":"purchasable","12":"product-type-simple"},"_links":{"self":[{"href":"https:\/\/lyndarodriguez.com\/en\/wp-json\/wp\/v2\/product\/795","targetHints":{"allow":["GET"]}}],"collection":[{"href":"https:\/\/lyndarodriguez.com\/en\/wp-json\/wp\/v2\/product"}],"about":[{"href":"https:\/\/lyndarodriguez.com\/en\/wp-json\/wp\/v2\/types\/product"}],"wp:featuredmedia":[{"embeddable":true,"href":"https:\/\/lyndarodriguez.com\/en\/wp-json\/wp\/v2\/media\/750"}],"wp:attachment":[{"href":"https:\/\/lyndarodriguez.com\/en\/wp-json\/wp\/v2\/media?parent=795"}],"wp:term":[{"taxonomy":"product_brand","embeddable":true,"href":"https:\/\/lyndarodriguez.com\/en\/wp-json\/wp\/v2\/product_brand?post=795"},{"taxonomy":"product_cat","embeddable":true,"href":"https:\/\/lyndarodriguez.com\/en\/wp-json\/wp\/v2\/product_cat?post=795"},{"taxonomy":"product_tag","embeddable":true,"href":"https:\/\/lyndarodriguez.com\/en\/wp-json\/wp\/v2\/product_tag?post=795"}],"curies":[{"name":"wp","href":"https:\/\/api.w.org\/{rel}","templated":true}]}}